{"id":259,"date":"2016-08-23T10:42:20","date_gmt":"2016-08-23T08:42:20","guid":{"rendered":"https:\/\/www.ra-pirringer.at\/web\/?page_id=259"},"modified":"2018-09-01T16:10:28","modified_gmt":"2018-09-01T14:10:28","slug":"verkehrsunfaelle","status":"publish","type":"page","link":"https:\/\/www.ra-pirringer.at\/web\/verkehrsunfaelle\/","title":{"rendered":"Verkehrsunf\u00e4lle"},"content":{"rendered":"<p>Sollten Sie einmal in einen <strong>Verkehrsunfall<\/strong> verwickelt sein, vertrete ich Sie gerne bei der Geltendmachung Ihrer Anspr\u00fcche <strong>(beispielsweise Schadenersatz, Schmerzengeld, entgangener Gewinn)<\/strong>, indem ich<\/p>\n<p style=\"padding-left: 60px;\">die <strong>au\u00dfergerichtliche Korrespondenz<\/strong> mit der gegnerischen Haftpflichtversicherung \u00fcbernehme<\/p>\n<p style=\"padding-left: 60px;\">Sie bei einem etwaigen Strafverfahren gegen den Unfallgegner im Rahmen eines <strong>Privatbeteiligtenanschlusses<\/strong> vertrete<\/p>\n<p style=\"padding-left: 60px;\">einen <strong>Zivilprozess<\/strong> gegen den Unfallgegner bzw. die gegnerische Haftpflichtversicherung f\u00fchre.<\/p>\n<p>Ich kann aber auch Ihre <strong>Rechtsverteidigung<\/strong> \u00fcbernehmen, falls Ihr Unfallgegner Anspr\u00fcche gegen Sie stellt. Auch wenn ein Versto\u00df Ihrerseits gegen die Stra\u00dfenverkehrsordnung zum Unfall gef\u00fchrt hat, bedeutet dies nicht automatisch, dass das gesamte Verschulden am Verkehrsunfall an Ihnen liegt. Es ist auch in einem solchen Fall m\u00f6glich, dass den Unfallgegner zumindest eine Teilschuld trifft.<\/p>\n<p>&nbsp;<\/p>\n<h4><strong>Insbesondere in folgenden weiteren Fachgebieten \u00fcbernehme <\/strong><\/h4>\n<h4><strong>ich gerne Ihre Vertretung:<\/strong><\/h4>\n<ul>\n<li><a href=\"https:\/\/www.ra-pirringer.at\/web\/abwicklung-von-kaufvertraegen\/\">Abwicklung von Kaufvertr\u00e4gen<\/a><\/li>\n<li><a href=\"https:\/\/www.ra-pirringer.at\/web\/?page_id=279\">Miet- und Wohnrecht<\/a><\/li>\n<li><a href=\"https:\/\/www.ra-pirringer.at\/web\/?page_id=268\">Nachbarrecht<\/a><\/li>\n<li><a href=\"https:\/\/www.ra-pirringer.at\/web\/?page_id=293\">Verwaltungsrecht und Verwaltungsstrafrecht<\/a><\/li>\n<li><a href=\"https:\/\/www.ra-pirringer.at\/web\/?page_id=298\">Forderungseintreibung<\/a><\/li>\n<li><a href=\"https:\/\/www.ra-pirringer.at\/web\/?page_id=303\">Vertragsrecht<\/a><\/li>\n<li><a href=\"https:\/\/www.ra-pirringer.at\/web\/?page_id=310\">Allgemeines Zivilrecht<\/a><\/li>\n<li><a href=\"https:\/\/www.ra-pirringer.at\/web\/?page_id=315\">Schadenersatz- und Gew\u00e4hrleistungsrecht<\/a><\/li>\n<li><a href=\"https:\/\/www.ra-pirringer.at\/web\/?page_id=381\">Familien- und Scheidungsrecht<\/a><\/li>\n<li><a href=\"https:\/\/www.ra-pirringer.at\/web\/?page_id=320\">Verteidigung in gerichtlichen Strafverfahren<\/a><\/li>\n<li><a href=\"https:\/\/www.ra-pirringer.at\/web\/?page_id=325\">Opfervertretung in gerichtlichen Strafverfahren<\/a><\/li>\n<\/ul>\n","protected":false},"excerpt":{"rendered":"<p>Sollten Sie einmal in einen Verkehrsunfall verwickelt sein, vertrete ich Sie gerne bei der Geltendmachung Ihrer Anspr\u00fcche (beispielsweise Schadenersatz, Schmerzengeld, entgangener Gewinn), indem ich die au\u00dfergerichtliche Korrespondenz mit der gegnerischen Haftpflichtversicherung \u00fcbernehme Sie bei einem etwaigen Strafverfahren gegen den Unfallgegner im Rahmen eines Privatbeteiligtenanschlusses vertrete einen Zivilprozess gegen den Unfallgegner bzw. die gegnerische Haftpflichtversicherung f\u00fchre. [&hellip;]<\/p>\n","protected":false},"author":1,"featured_media":0,"parent":0,"menu_order":0,"comment_status":"closed","ping_status":"closed","template":"","meta":{"footnotes":""},"class_list":["post-259","page","type-page","status-publish","hentry"],"_links":{"self":[{"href":"https:\/\/www.ra-pirringer.at\/web\/wp-json\/wp\/v2\/pages\/259","targetHints":{"allow":["GET"]}}],"collection":[{"href":"https:\/\/www.ra-pirringer.at\/web\/wp-json\/wp\/v2\/pages"}],"about":[{"href":"https:\/\/www.ra-pirringer.at\/web\/wp-json\/wp\/v2\/types\/page"}],"author":[{"embeddable":true,"href":"https:\/\/www.ra-pirringer.at\/web\/wp-json\/wp\/v2\/users\/1"}],"replies":[{"embeddable":true,"href":"https:\/\/www.ra-pirringer.at\/web\/wp-json\/wp\/v2\/comments?post=259"}],"version-history":[{"count":13,"href":"https:\/\/www.ra-pirringer.at\/web\/wp-json\/wp\/v2\/pages\/259\/revisions"}],"predecessor-version":[{"id":468,"href":"https:\/\/www.ra-pirringer.at\/web\/wp-json\/wp\/v2\/pages\/259\/revisions\/468"}],"wp:attachment":[{"href":"https:\/\/www.ra-pirringer.at\/web\/wp-json\/wp\/v2\/media?parent=259"}],"curies":[{"name":"wp","href":"https:\/\/api.w.org\/{rel}","templated":true}]}}