{"id":293,"date":"2016-08-23T12:59:28","date_gmt":"2016-08-23T10:59:28","guid":{"rendered":"https:\/\/www.ra-pirringer.at\/web\/?page_id=293"},"modified":"2018-09-15T15:36:49","modified_gmt":"2018-09-15T13:36:49","slug":"verwaltungsrecht-und-verwaltungsstrafrecht","status":"publish","type":"page","link":"https:\/\/www.ra-pirringer.at\/web\/verwaltungsrecht-und-verwaltungsstrafrecht\/","title":{"rendered":"Verwaltungsrecht"},"content":{"rendered":"<p>Das <strong>Verwaltungsrecht<\/strong> regelt viele Lebensbereiche. \u00a0Die Menge und Komplexit\u00e4t der Regeln sind sehr gro\u00df, und jeder ist von ihnen betroffen, sei es beispielsweise<\/p>\n<p style=\"padding-left: 60px;\">im <strong>Stra\u00dfenverkehr<\/strong>,<\/p>\n<p style=\"padding-left: 60px;\">bei der Genehmigung einer <strong>Betriebsanlage<\/strong> oder<\/p>\n<p style=\"padding-left: 60px;\">beim <strong>Bau eines Hauses<\/strong>.<\/p>\n<p>&nbsp;<\/p>\n<p>Sollten Fragen auftauchen, insbesondere bei verwaltungsbeh\u00f6rdlichen <strong>Genehmigungsverfahren<\/strong>, <strong>F\u00fchrerscheinentzugsverfahren<\/strong> etc., unterst\u00fctze und vertrete ich Sie gerne in diesen Angelegenheiten.<\/p>\n<p>&nbsp;<\/p>\n<p>Verst\u00f6\u00dft man gegen bestimmte Normen des Verwaltungsrechts, k\u00f6nnen Verwaltungsbeh\u00f6rden Strafen verh\u00e4ngen. Ich \u00fcbernehme in diesen Sachen gerne Ihre Vertretung, nehme <strong>Akteneinsicht<\/strong> und bringe f\u00fcr Sie <strong>Rechtsmittel<\/strong> ein.<\/p>\n<h3><\/h3>\n<p>&nbsp;<\/p>\n<h4><strong>Insbesondere in folgenden weiteren Fachgebieten \u00fcbernehme <\/strong><\/h4>\n<h4><strong>ich gerne Ihre Vertretung:<\/strong><\/h4>\n<ul>\n<li><a href=\"https:\/\/www.ra-pirringer.at\/web\/abwicklung-von-kaufvertraegen\/\">Abwicklung von Kaufvertr\u00e4gen<\/a><\/li>\n<li><a href=\"https:\/\/www.ra-pirringer.at\/web\/?page_id=259\">Verkehrsunf\u00e4lle<\/a><\/li>\n<li><a href=\"https:\/\/www.ra-pirringer.at\/web\/?page_id=279\">Miet- und Wohnrecht<\/a><\/li>\n<li><a href=\"https:\/\/www.ra-pirringer.at\/web\/?page_id=268\">Nachbarrecht<\/a><\/li>\n<li><a href=\"https:\/\/www.ra-pirringer.at\/web\/?page_id=298\">Forderungseintreibung<\/a><\/li>\n<li><a href=\"https:\/\/www.ra-pirringer.at\/web\/?page_id=303\">Vertragsrecht<\/a><\/li>\n<li><a href=\"https:\/\/www.ra-pirringer.at\/web\/?page_id=310\">Allgemeines Zivilrecht<\/a><\/li>\n<li><a href=\"https:\/\/www.ra-pirringer.at\/web\/?page_id=315\">Schadenersatz- und Gew\u00e4hrleistungsrecht<\/a><\/li>\n<li><a href=\"https:\/\/www.ra-pirringer.at\/web\/?page_id=381\">Familien- und Scheidungsrecht<\/a><\/li>\n<li><a href=\"https:\/\/www.ra-pirringer.at\/web\/?page_id=320\">Verteidigung in gerichtlichen Strafverfahren<\/a><\/li>\n<li><a href=\"https:\/\/www.ra-pirringer.at\/web\/?page_id=325\">Opfervertretung in gerichtlichen Strafverfahren<\/a><\/li>\n<\/ul>\n","protected":false},"excerpt":{"rendered":"<p>Das Verwaltungsrecht regelt viele Lebensbereiche. \u00a0Die Menge und Komplexit\u00e4t der Regeln sind sehr gro\u00df, und jeder ist von ihnen betroffen, sei es beispielsweise im Stra\u00dfenverkehr, bei der Genehmigung einer Betriebsanlage oder beim Bau eines Hauses. &nbsp; Sollten Fragen auftauchen, insbesondere bei verwaltungsbeh\u00f6rdlichen Genehmigungsverfahren, F\u00fchrerscheinentzugsverfahren etc., unterst\u00fctze und vertrete ich Sie gerne in diesen Angelegenheiten. &nbsp; [&hellip;]<\/p>\n","protected":false},"author":1,"featured_media":0,"parent":0,"menu_order":0,"comment_status":"closed","ping_status":"closed","template":"","meta":{"footnotes":""},"class_list":["post-293","page","type-page","status-publish","hentry"],"_links":{"self":[{"href":"https:\/\/www.ra-pirringer.at\/web\/wp-json\/wp\/v2\/pages\/293","targetHints":{"allow":["GET"]}}],"collection":[{"href":"https:\/\/www.ra-pirringer.at\/web\/wp-json\/wp\/v2\/pages"}],"about":[{"href":"https:\/\/www.ra-pirringer.at\/web\/wp-json\/wp\/v2\/types\/page"}],"author":[{"embeddable":true,"href":"https:\/\/www.ra-pirringer.at\/web\/wp-json\/wp\/v2\/users\/1"}],"replies":[{"embeddable":true,"href":"https:\/\/www.ra-pirringer.at\/web\/wp-json\/wp\/v2\/comments?post=293"}],"version-history":[{"count":8,"href":"https:\/\/www.ra-pirringer.at\/web\/wp-json\/wp\/v2\/pages\/293\/revisions"}],"predecessor-version":[{"id":501,"href":"https:\/\/www.ra-pirringer.at\/web\/wp-json\/wp\/v2\/pages\/293\/revisions\/501"}],"wp:attachment":[{"href":"https:\/\/www.ra-pirringer.at\/web\/wp-json\/wp\/v2\/media?parent=293"}],"curies":[{"name":"wp","href":"https:\/\/api.w.org\/{rel}","templated":true}]}}