{"id":298,"date":"2016-08-23T13:05:04","date_gmt":"2016-08-23T11:05:04","guid":{"rendered":"https:\/\/www.ra-pirringer.at\/web\/?page_id=298"},"modified":"2018-09-01T16:16:10","modified_gmt":"2018-09-01T14:16:10","slug":"forderungseintreibung","status":"publish","type":"page","link":"https:\/\/www.ra-pirringer.at\/web\/forderungseintreibung\/","title":{"rendered":"Forderungseintreibung"},"content":{"rendered":"<p>Auch kleine und mittlere Unternehmen k\u00f6nnen in die Situation kommen, dass ihre Vertragspartner offene Entgelte nicht begleichen. Ich biete Ihnen an, <strong>Forderungen<\/strong> <strong>einzumahnen, gerichtlich einzuklagen<\/strong> sowie <strong>Exekution<\/strong> <strong>zu f\u00fchren<\/strong> und das <strong>Exekutionsverfahren zu \u00fcberwachen<\/strong>.<\/p>\n<p>&nbsp;<\/p>\n<p>Man muss bedenken, dass Werkl\u00f6hne und Entgelte f\u00fcr Lieferungen oder Dienstleistungen grunds\u00e4tzlich nach drei Jahren verj\u00e4hren k\u00f6nnen. Wird eine Forderung aber gerichtlich eingeklagt und mit Urteil festgestellt, verj\u00e4hrt sie fr\u00fchestens nach 30 Jahren. Das hei\u00dft, die Geltendmachung der Forderung durch Klage bei Gericht ist eine M\u00f6glichkeit, diese auch nach mehr als drei Jahren noch einbringlich machen zu k\u00f6nnen, auch wenn der Schuldner die Rechnung zurzeit nicht begleichen kann.<\/p>\n<p>&nbsp;<\/p>\n<h4><strong>Insbesondere in folgenden weiteren Fachgebieten \u00fcbernehme <\/strong><\/h4>\n<h4><strong>ich gerne Ihre Vertretung:<\/strong><\/h4>\n<ul>\n<li><a href=\"https:\/\/www.ra-pirringer.at\/web\/abwicklung-von-kaufvertraegen\/\">Abwicklung von Kaufvertr\u00e4gen<\/a><\/li>\n<li><a href=\"https:\/\/www.ra-pirringer.at\/web\/?page_id=259\">Verkehrsunf\u00e4lle<\/a><\/li>\n<li><a href=\"https:\/\/www.ra-pirringer.at\/web\/?page_id=279\">Miet- und Wohnrecht<\/a><\/li>\n<li><a href=\"https:\/\/www.ra-pirringer.at\/web\/?page_id=268\">Nachbarrecht<\/a><\/li>\n<li><a href=\"https:\/\/www.ra-pirringer.at\/web\/?page_id=293\">Verwaltungsrecht und Verwaltungsstrafrecht<\/a><\/li>\n<li><a href=\"https:\/\/www.ra-pirringer.at\/web\/?page_id=303\">Vertragsrecht<\/a><\/li>\n<li><a href=\"https:\/\/www.ra-pirringer.at\/web\/?page_id=310\">Allgemeines Zivilrecht<\/a><\/li>\n<li><a href=\"https:\/\/www.ra-pirringer.at\/web\/?page_id=315\">Schadenersatz- und Gew\u00e4hrleistungsrecht<\/a><\/li>\n<li><a href=\"https:\/\/www.ra-pirringer.at\/web\/?page_id=381\">Familien- und Scheidungsrecht<\/a><\/li>\n<li><a href=\"https:\/\/www.ra-pirringer.at\/web\/?page_id=320\">Verteidigung in gerichtlichen Strafverfahren<\/a><\/li>\n<li><a href=\"https:\/\/www.ra-pirringer.at\/web\/?page_id=325\">Opfervertretung in gerichtlichen Strafverfahren<\/a><\/li>\n<\/ul>\n","protected":false},"excerpt":{"rendered":"<p>Auch kleine und mittlere Unternehmen k\u00f6nnen in die Situation kommen, dass ihre Vertragspartner offene Entgelte nicht begleichen. Ich biete Ihnen an, Forderungen einzumahnen, gerichtlich einzuklagen sowie Exekution zu f\u00fchren und das Exekutionsverfahren zu \u00fcberwachen. &nbsp; Man muss bedenken, dass Werkl\u00f6hne und Entgelte f\u00fcr Lieferungen oder Dienstleistungen grunds\u00e4tzlich nach drei Jahren verj\u00e4hren k\u00f6nnen. Wird eine Forderung [&hellip;]<\/p>\n","protected":false},"author":1,"featured_media":0,"parent":0,"menu_order":0,"comment_status":"closed","ping_status":"closed","template":"","meta":{"footnotes":""},"class_list":["post-298","page","type-page","status-publish","hentry"],"_links":{"self":[{"href":"https:\/\/www.ra-pirringer.at\/web\/wp-json\/wp\/v2\/pages\/298","targetHints":{"allow":["GET"]}}],"collection":[{"href":"https:\/\/www.ra-pirringer.at\/web\/wp-json\/wp\/v2\/pages"}],"about":[{"href":"https:\/\/www.ra-pirringer.at\/web\/wp-json\/wp\/v2\/types\/page"}],"author":[{"embeddable":true,"href":"https:\/\/www.ra-pirringer.at\/web\/wp-json\/wp\/v2\/users\/1"}],"replies":[{"embeddable":true,"href":"https:\/\/www.ra-pirringer.at\/web\/wp-json\/wp\/v2\/comments?post=298"}],"version-history":[{"count":7,"href":"https:\/\/www.ra-pirringer.at\/web\/wp-json\/wp\/v2\/pages\/298\/revisions"}],"predecessor-version":[{"id":478,"href":"https:\/\/www.ra-pirringer.at\/web\/wp-json\/wp\/v2\/pages\/298\/revisions\/478"}],"wp:attachment":[{"href":"https:\/\/www.ra-pirringer.at\/web\/wp-json\/wp\/v2\/media?parent=298"}],"curies":[{"name":"wp","href":"https:\/\/api.w.org\/{rel}","templated":true}]}}