{"id":310,"date":"2016-08-23T13:21:24","date_gmt":"2016-08-23T11:21:24","guid":{"rendered":"https:\/\/www.ra-pirringer.at\/web\/?page_id=310"},"modified":"2018-09-01T16:12:54","modified_gmt":"2018-09-01T14:12:54","slug":"allgemeines-zivilrecht","status":"publish","type":"page","link":"https:\/\/www.ra-pirringer.at\/web\/allgemeines-zivilrecht\/","title":{"rendered":"Allgemeines Zivilrecht"},"content":{"rendered":"<p>Das allgemeine Zivilrecht regelt prim\u00e4r die Rechtsverh\u00e4ltnisse zwischen den Menschen. Sollten Sie beispielsweise Fragen haben zu<\/p>\n<p style=\"padding-left: 60px;\"><strong>Pers\u00f6nlichkeitsrechten<\/strong><\/p>\n<p style=\"padding-left: 60px;\"><strong>Erbrecht<\/strong> und <strong>Testamentserstellung<\/strong><\/p>\n<p style=\"padding-left: 60px;\"><strong>Vorsorgevollmachten<\/strong><\/p>\n<p style=\"padding-left: 60px;\"><strong>Eigentum<\/strong> und <strong>Dienstbarkeiten<\/strong><\/p>\n<p style=\"padding-left: 60px;\"><strong>Urheberrecht<\/strong><\/p>\n<p style=\"padding-left: 60px;\">etc.<\/p>\n<p>werde ich Sie in diesen Angelegenheiten gerne beraten und vertreten.<\/p>\n<h3><\/h3>\n<p>&nbsp;<\/p>\n<h4><strong>Insbesondere in folgenden weiteren Fachgebieten \u00fcbernehme <\/strong><\/h4>\n<h4><strong>ich gerne Ihre Vertretung:<\/strong><\/h4>\n<ul>\n<li><a href=\"https:\/\/www.ra-pirringer.at\/web\/abwicklung-von-kaufvertraegen\/\">Abwicklung von Kaufvertr\u00e4gen<\/a><\/li>\n<li><a href=\"https:\/\/www.ra-pirringer.at\/web\/?page_id=259\">Verkehrsunf\u00e4lle<\/a><\/li>\n<li><a href=\"https:\/\/www.ra-pirringer.at\/web\/?page_id=279\">Miet- und Wohnrecht<\/a><\/li>\n<li><a href=\"https:\/\/www.ra-pirringer.at\/web\/?page_id=268\">Nachbarrecht<\/a><\/li>\n<li><a href=\"https:\/\/www.ra-pirringer.at\/web\/?page_id=293\">Verwaltungsrecht und Verwaltungsstrafrecht<\/a><\/li>\n<li><a href=\"https:\/\/www.ra-pirringer.at\/web\/?page_id=298\">Forderungseintreibung<\/a><\/li>\n<li><a href=\"https:\/\/www.ra-pirringer.at\/web\/?page_id=303\">Vertragsrecht<\/a><\/li>\n<li><a href=\"https:\/\/www.ra-pirringer.at\/web\/?page_id=315\">Schadenersatz- und Gew\u00e4hrleistungsrecht<\/a><\/li>\n<li><a href=\"https:\/\/www.ra-pirringer.at\/web\/?page_id=381\">Familien- und Scheidungsrecht<\/a><\/li>\n<li><a href=\"https:\/\/www.ra-pirringer.at\/web\/?page_id=320\">Verteidigung in gerichtlichen Strafverfahren<\/a><\/li>\n<li><a href=\"https:\/\/www.ra-pirringer.at\/web\/?page_id=325\">Opfervertretung in gerichtlichen Strafverfahren<\/a><\/li>\n<\/ul>\n","protected":false},"excerpt":{"rendered":"<p>Das allgemeine Zivilrecht regelt prim\u00e4r die Rechtsverh\u00e4ltnisse zwischen den Menschen. Sollten Sie beispielsweise Fragen haben zu Pers\u00f6nlichkeitsrechten Erbrecht und Testamentserstellung Vorsorgevollmachten Eigentum und Dienstbarkeiten Urheberrecht etc. werde ich Sie in diesen Angelegenheiten gerne beraten und vertreten. &nbsp; Insbesondere in folgenden weiteren Fachgebieten \u00fcbernehme ich gerne Ihre Vertretung: Abwicklung von Kaufvertr\u00e4gen Verkehrsunf\u00e4lle Miet- und Wohnrecht Nachbarrecht [&hellip;]<\/p>\n","protected":false},"author":1,"featured_media":0,"parent":0,"menu_order":0,"comment_status":"closed","ping_status":"closed","template":"","meta":{"footnotes":""},"class_list":["post-310","page","type-page","status-publish","hentry"],"_links":{"self":[{"href":"https:\/\/www.ra-pirringer.at\/web\/wp-json\/wp\/v2\/pages\/310","targetHints":{"allow":["GET"]}}],"collection":[{"href":"https:\/\/www.ra-pirringer.at\/web\/wp-json\/wp\/v2\/pages"}],"about":[{"href":"https:\/\/www.ra-pirringer.at\/web\/wp-json\/wp\/v2\/types\/page"}],"author":[{"embeddable":true,"href":"https:\/\/www.ra-pirringer.at\/web\/wp-json\/wp\/v2\/users\/1"}],"replies":[{"embeddable":true,"href":"https:\/\/www.ra-pirringer.at\/web\/wp-json\/wp\/v2\/comments?post=310"}],"version-history":[{"count":6,"href":"https:\/\/www.ra-pirringer.at\/web\/wp-json\/wp\/v2\/pages\/310\/revisions"}],"predecessor-version":[{"id":473,"href":"https:\/\/www.ra-pirringer.at\/web\/wp-json\/wp\/v2\/pages\/310\/revisions\/473"}],"wp:attachment":[{"href":"https:\/\/www.ra-pirringer.at\/web\/wp-json\/wp\/v2\/media?parent=310"}],"curies":[{"name":"wp","href":"https:\/\/api.w.org\/{rel}","templated":true}]}}