{"id":320,"date":"2016-08-23T13:35:10","date_gmt":"2016-08-23T11:35:10","guid":{"rendered":"https:\/\/www.ra-pirringer.at\/web\/?page_id=320"},"modified":"2018-09-15T15:33:35","modified_gmt":"2018-09-15T13:33:35","slug":"verteidigung-in-gerichtlichen-strafverfahren","status":"publish","type":"page","link":"https:\/\/www.ra-pirringer.at\/web\/verteidigung-in-gerichtlichen-strafverfahren\/","title":{"rendered":"Verteidigung"},"content":{"rendered":"<p>Sollten Sie <strong>Beschuldigter in einem gerichtlichen Strafverfahren<\/strong> sein, \u00fcbernehme ich gerne Ihre <strong>Verteidigung<\/strong> in dieser Sache.<\/p>\n<p>&nbsp;<\/p>\n<p>Es besteht insbesondere die M\u00f6glichkeit, sich bereits ab dem Zeitpunkt, zu dem Sie erfahren, dass die Polizei gegen Sie als Beschuldigten ermittelt, rechtsanwaltlich beraten und auch vertreten zu lassen. Ich <strong>begleite Sie<\/strong> in diesem Fall gerne zur Einvernahmen vor der Polizei, \u00fcbe das Recht auf <strong>Akteneinsicht<\/strong> aus und stelle so fr\u00fch wie m\u00f6glich <strong>Beweisantr\u00e4ge<\/strong>.<\/p>\n<p>&nbsp;<\/p>\n<h4><strong>Insbesondere in folgenden weiteren Fachgebieten \u00fcbernehme <\/strong><\/h4>\n<h4><strong>ich gerne Ihre Vertretung:<\/strong><\/h4>\n<ul>\n<li><a href=\"https:\/\/www.ra-pirringer.at\/web\/abwicklung-von-kaufvertraegen\/\">Abwicklung von Kaufvertr\u00e4gen<\/a><\/li>\n<li><a href=\"https:\/\/www.ra-pirringer.at\/web\/?page_id=259\">Verkehrsunf\u00e4lle<\/a><\/li>\n<li><a href=\"https:\/\/www.ra-pirringer.at\/web\/?page_id=279\">Miet- und Wohnrecht<\/a><\/li>\n<li><a href=\"https:\/\/www.ra-pirringer.at\/web\/?page_id=268\">Nachbarrecht<\/a><\/li>\n<li><a href=\"https:\/\/www.ra-pirringer.at\/web\/?page_id=293\">Verwaltungsrecht und Verwaltungsstrafrecht<\/a><\/li>\n<li><a href=\"https:\/\/www.ra-pirringer.at\/web\/?page_id=298\">Forderungseintreibung<\/a><\/li>\n<li><a href=\"https:\/\/www.ra-pirringer.at\/web\/?page_id=303\">Vertragsrecht<\/a><\/li>\n<li><a href=\"https:\/\/www.ra-pirringer.at\/web\/?page_id=310\">Allgemeines Zivilrecht<\/a><\/li>\n<li><a href=\"https:\/\/www.ra-pirringer.at\/web\/?page_id=315\">Schadenersatz- und Gew\u00e4hrleistungsrecht<\/a><\/li>\n<li><a href=\"https:\/\/www.ra-pirringer.at\/web\/?page_id=381\">Familien- und Scheidungsrecht<\/a><\/li>\n<li><a href=\"https:\/\/www.ra-pirringer.at\/web\/?page_id=325\">Opfervertretung in gerichtlichen Strafverfahren<\/a><\/li>\n<\/ul>\n","protected":false},"excerpt":{"rendered":"<p>Sollten Sie Beschuldigter in einem gerichtlichen Strafverfahren sein, \u00fcbernehme ich gerne Ihre Verteidigung in dieser Sache. &nbsp; Es besteht insbesondere die M\u00f6glichkeit, sich bereits ab dem Zeitpunkt, zu dem Sie erfahren, dass die Polizei gegen Sie als Beschuldigten ermittelt, rechtsanwaltlich beraten und auch vertreten zu lassen. Ich begleite Sie in diesem Fall gerne zur Einvernahmen [&hellip;]<\/p>\n","protected":false},"author":1,"featured_media":0,"parent":0,"menu_order":0,"comment_status":"closed","ping_status":"closed","template":"","meta":{"footnotes":""},"class_list":["post-320","page","type-page","status-publish","hentry"],"_links":{"self":[{"href":"https:\/\/www.ra-pirringer.at\/web\/wp-json\/wp\/v2\/pages\/320","targetHints":{"allow":["GET"]}}],"collection":[{"href":"https:\/\/www.ra-pirringer.at\/web\/wp-json\/wp\/v2\/pages"}],"about":[{"href":"https:\/\/www.ra-pirringer.at\/web\/wp-json\/wp\/v2\/types\/page"}],"author":[{"embeddable":true,"href":"https:\/\/www.ra-pirringer.at\/web\/wp-json\/wp\/v2\/users\/1"}],"replies":[{"embeddable":true,"href":"https:\/\/www.ra-pirringer.at\/web\/wp-json\/wp\/v2\/comments?post=320"}],"version-history":[{"count":8,"href":"https:\/\/www.ra-pirringer.at\/web\/wp-json\/wp\/v2\/pages\/320\/revisions"}],"predecessor-version":[{"id":498,"href":"https:\/\/www.ra-pirringer.at\/web\/wp-json\/wp\/v2\/pages\/320\/revisions\/498"}],"wp:attachment":[{"href":"https:\/\/www.ra-pirringer.at\/web\/wp-json\/wp\/v2\/media?parent=320"}],"curies":[{"name":"wp","href":"https:\/\/api.w.org\/{rel}","templated":true}]}}