{"id":381,"date":"2017-03-15T11:08:46","date_gmt":"2017-03-15T10:08:46","guid":{"rendered":"https:\/\/www.ra-pirringer.at\/web\/?page_id=381"},"modified":"2018-09-15T15:34:12","modified_gmt":"2018-09-15T13:34:12","slug":"familien-und-scheidungsrecht","status":"publish","type":"page","link":"https:\/\/www.ra-pirringer.at\/web\/familien-und-scheidungsrecht\/","title":{"rendered":"Familienrecht"},"content":{"rendered":"<p><strong>Familien- und scheidungsrechtliche Angelegenheiten<\/strong> sind gepr\u00e4gt von zwischenmenschlichen Beziehungen und Emotionen.<\/p>\n<p>&nbsp;<\/p>\n<p>Ich stehe Ihnen gerne zur Verf\u00fcgung um Probleme und Situationen <strong>objektiv zu analysieren<\/strong> und <strong>rechtlich zu pr\u00fcfen<\/strong>. Nach Festlegung der Vorgehensweise werden die gesetzten <strong>Ziele von mir konsequent verfolgt<\/strong>.<\/p>\n<p>&nbsp;<\/p>\n<p>Ich berate und vertrete Sie gerne in unterschiedlichen familienrechtlichen Angelegenheiten wie beispielsweise<\/p>\n<p style=\"padding-left: 60px;\"><strong>Unterhaltsrecht f\u00fcr minderj\u00e4hrige oder vollj\u00e4hrige Kinder<\/strong><\/p>\n<p style=\"padding-left: 60px;\"><strong>Unterhaltsrecht f\u00fcr Ehegatten<\/strong><\/p>\n<p style=\"padding-left: 60px;\"><strong>Obsorgerecht<\/strong><\/p>\n<p style=\"padding-left: 60px;\"><strong>Kontaktrecht (&#8222;Besuchsrecht&#8220;)<br \/>\n<\/strong><\/p>\n<p style=\"padding-left: 60px;\"><strong>Scheidungsrecht inklusive Aufteilung des ehelichen Gebrauchsverm\u00f6gens und der ehelichen Ersparnisse<\/strong><\/p>\n<h4><\/h4>\n<p>&nbsp;<\/p>\n<h4><strong>Insbesondere in folgenden weiteren Fachgebieten \u00fcbernehme <\/strong><\/h4>\n<h4><strong>ich gerne Ihre Vertretung:<\/strong><\/h4>\n<ul>\n<li><a href=\"https:\/\/www.ra-pirringer.at\/web\/abwicklung-von-kaufvertraegen\/\">Abwicklung von Kaufvertr\u00e4gen<\/a><\/li>\n<li><a href=\"https:\/\/www.ra-pirringer.at\/web\/?page_id=259\">Verkehrsunf\u00e4lle<\/a><\/li>\n<li><a href=\"https:\/\/www.ra-pirringer.at\/web\/?page_id=279\">Miet- und Wohnrecht<\/a><\/li>\n<li><a href=\"https:\/\/www.ra-pirringer.at\/web\/?page_id=268\">Nachbarrecht<\/a><\/li>\n<li><a href=\"https:\/\/www.ra-pirringer.at\/web\/?page_id=293\">Verwaltungsrecht und Verwaltungsstrafrecht<\/a><\/li>\n<li><a href=\"https:\/\/www.ra-pirringer.at\/web\/?page_id=298\">Forderungseintreibung<\/a><\/li>\n<li><a href=\"https:\/\/www.ra-pirringer.at\/web\/?page_id=303\">Vertragsrecht<\/a><\/li>\n<li><a href=\"https:\/\/www.ra-pirringer.at\/web\/?page_id=310\">Allgemeines Zivilrecht<\/a><\/li>\n<li><a href=\"https:\/\/www.ra-pirringer.at\/web\/?page_id=315\">Schadenersatz- und Gew\u00e4hrleistungsrecht<\/a><\/li>\n<li><a href=\"https:\/\/www.ra-pirringer.at\/web\/?page_id=320\">Verteidigung in gerichtlichen Strafverfahren<\/a><\/li>\n<li><a href=\"https:\/\/www.ra-pirringer.at\/web\/?page_id=325\">Opfervertretung in gerichtlichen Strafverfahren<\/a><\/li>\n<\/ul>\n","protected":false},"excerpt":{"rendered":"<p>Familien- und scheidungsrechtliche Angelegenheiten sind gepr\u00e4gt von zwischenmenschlichen Beziehungen und Emotionen. &nbsp; Ich stehe Ihnen gerne zur Verf\u00fcgung um Probleme und Situationen objektiv zu analysieren und rechtlich zu pr\u00fcfen. Nach Festlegung der Vorgehensweise werden die gesetzten Ziele von mir konsequent verfolgt. &nbsp; Ich berate und vertrete Sie gerne in unterschiedlichen familienrechtlichen Angelegenheiten wie beispielsweise Unterhaltsrecht [&hellip;]<\/p>\n","protected":false},"author":1,"featured_media":0,"parent":0,"menu_order":0,"comment_status":"closed","ping_status":"closed","template":"","meta":{"footnotes":""},"class_list":["post-381","page","type-page","status-publish","hentry"],"_links":{"self":[{"href":"https:\/\/www.ra-pirringer.at\/web\/wp-json\/wp\/v2\/pages\/381","targetHints":{"allow":["GET"]}}],"collection":[{"href":"https:\/\/www.ra-pirringer.at\/web\/wp-json\/wp\/v2\/pages"}],"about":[{"href":"https:\/\/www.ra-pirringer.at\/web\/wp-json\/wp\/v2\/types\/page"}],"author":[{"embeddable":true,"href":"https:\/\/www.ra-pirringer.at\/web\/wp-json\/wp\/v2\/users\/1"}],"replies":[{"embeddable":true,"href":"https:\/\/www.ra-pirringer.at\/web\/wp-json\/wp\/v2\/comments?post=381"}],"version-history":[{"count":7,"href":"https:\/\/www.ra-pirringer.at\/web\/wp-json\/wp\/v2\/pages\/381\/revisions"}],"predecessor-version":[{"id":499,"href":"https:\/\/www.ra-pirringer.at\/web\/wp-json\/wp\/v2\/pages\/381\/revisions\/499"}],"wp:attachment":[{"href":"https:\/\/www.ra-pirringer.at\/web\/wp-json\/wp\/v2\/media?parent=381"}],"curies":[{"name":"wp","href":"https:\/\/api.w.org\/{rel}","templated":true}]}}