{"id":425,"date":"2018-05-22T17:29:34","date_gmt":"2018-05-22T15:29:34","guid":{"rendered":"https:\/\/www.ra-pirringer.at\/web\/?page_id=425"},"modified":"2018-05-22T17:33:19","modified_gmt":"2018-05-22T15:33:19","slug":"datenschutzerklaerung","status":"publish","type":"page","link":"https:\/\/www.ra-pirringer.at\/web\/datenschutzerklaerung\/","title":{"rendered":"Datenschutzerkl\u00e4rung"},"content":{"rendered":"<h4><strong><u>Datenschutzerkl\u00e4rung<\/u><\/strong><\/h4>\n<p>&nbsp;<\/p>\n<ol>\n<li><strong> Personenbezogene Daten<\/strong><\/li>\n<\/ol>\n<p>Ich, Rechtsanwalt Dr. Anton Pirringer, erhebe, verarbeite und nutze Ihre personenbezogenen Daten nur mit Ihrer Einwilligung bzw. Mandatierung oder Bestellung zu den mit Ihnen vereinbarten Zwecken oder wenn eine sonstige rechtliche Grundlage im Einklang mit der DSGVO vorliegt; dies unter Einhaltung der datenschutz- und zivilrechtlichen Bestimmungen.<\/p>\n<p>Es werden nur solche personenbezogenen Daten erhoben, die f\u00fcr die Durchf\u00fchrung und Abwicklung meiner rechtsanwaltlichen Leistungen erforderlich sind oder die Sie mir freiwillig zur Verf\u00fcgung gestellt haben.<\/p>\n<p>Personenbezogene Daten sind alle Daten, die Einzelangaben \u00fcber pers\u00f6nliche oder sachliche Verh\u00e4ltnisse enthalten, beispielsweise Name, Anschrift, Emailadresse, Telefonnummer, Geburtsdatum, Alter, Geschlecht, Sozialversicherungsnummer, Videoaufzeichnungen, Fotos, Stimmaufnahmen von Personen sowie biometrische Daten wie etwa Fingerabdr\u00fccke. Auch sensible Daten, wie Gesundheitsdaten oder Daten im Zusammenhang mit einem Strafverfahren k\u00f6nnen mitumfasst sein.<\/p>\n<p>&nbsp;<\/p>\n<ol start=\"2\">\n<li><strong> Auskunft und L\u00f6schung<\/strong><\/li>\n<\/ol>\n<p>Als Mandantin oder Mandant bzw generell als Betroffener haben Sie \u2013 unter Wahrung der rechtsanwaltlichen Verschwiegenheitspflicht \u2013 jederzeit das Recht auf Auskunft \u00fcber Ihre gespeicherten personenbezogenen Daten, deren Herkunft und Empf\u00e4nger und den Zweck der Datenverarbeitung sowie ein Recht auf Berichtigung, Daten\u00fcbertragung, Widerspruch, Einschr\u00e4nkung der Bearbeitung sowie Sperrung oder L\u00f6schung unrichtiger bzw. unzul\u00e4ssig verarbeiteter Daten.<\/p>\n<p>Insoweit sich \u00c4nderungen Ihrer pers\u00f6nlichen Daten ergeben, ersuche ich um entsprechende Mitteilung.<\/p>\n<p>Sie haben jederzeit das Recht, eine erteilte Einwilligung zur Nutzung Ihrer personenbezogenen Daten zu widerrufen. Ihre Eingabe auf Auskunft, L\u00f6schung, Berichtigung, Widerspruch und\/oder Daten\u00fcbertragung, im letztgenannten Fall, sofern damit nicht ein unverh\u00e4ltnism\u00e4\u00dfiger Aufwand verursacht wird, kann an die in Punkt 10. dieser Erkl\u00e4rung angef\u00fchrte Anschrift der Rechtsanwaltskanzlei gerichtet werden.<\/p>\n<p>Wenn Sie der Auffassung sind, dass die Verarbeitung Ihrer personenbezogenen Daten durch uns gegen das geltende Datenschutzrecht verst\u00f6\u00dft oder Ihre datenschutzrechtlichen Anspr\u00fcche in einer anderen Weise verletzt worden sind, besteht die M\u00f6glichkeit, sich bei der zust\u00e4ndigen Aufsichtsbeh\u00f6rde zu beschweren. In \u00d6sterreich zust\u00e4ndig ist hierf\u00fcr die Datenschutzbeh\u00f6rde.<\/p>\n<p>&nbsp;<\/p>\n<ol start=\"3\">\n<li><strong> Datensicherheit<\/strong><\/li>\n<\/ol>\n<p>Der Schutz Ihrer personenbezogenen Daten erfolgt durch entsprechende organisatorische und technische Vorkehrungen. Diese Vorkehrungen betreffen insbesondere den Schutz vor unerlaubtem, rechtswidrigem oder auch zuf\u00e4lligem Zugriff, Verarbeitung, Verlust, Verwendung und Manipulation.<\/p>\n<p>Ungeachtet der Bem\u00fchungen der Einhaltung eines stets angemessen hohen Standes der Sorgfaltsanforderungen kann nicht ausgeschlossen werden, dass Informationen, die Sie uns \u00fcber das Internet bekannt geben, von anderen Personen eingesehen und genutzt werden.<\/p>\n<p>Bitte beachten Sie, dass ich daher keine wie immer geartete Haftung f\u00fcr die Offenlegung von Informationen aufgrund nicht von mir verursachter Fehler bei der Daten\u00fcbertragung und\/oder unautorisiertem Zugriff durch Dritte \u00fcbernehmen (zB Hackangriff auf Email-Account bzw. Telefon, Abfangen von Faxen).<\/p>\n<p>&nbsp;<\/p>\n<ol start=\"4\">\n<li><strong> Verwendung der Daten<\/strong><\/li>\n<\/ol>\n<p><strong>\u00a0<\/strong>Ich werde die mir zur Verf\u00fcgung gestellten Daten nicht f\u00fcr andere Zwecke als die durch den Mandatsvertrag oder durch Ihre Einwilligung oder sonst durch eine Bestimmung im Einklang mit der DSGVO gedeckten Zwecken verarbeiten. Ausgenommen hiervon ist die Nutzung f\u00fcr statistische Zwecke, sofern die zur Verf\u00fcgung gestellten Daten anonymisiert wurden.<\/p>\n<p>&nbsp;<\/p>\n<ol start=\"5\">\n<li><strong> \u00dcbermittlung von Daten an Dritte <\/strong><\/li>\n<\/ol>\n<p>Zur Erf\u00fcllung Ihres Auftrages ist es m\u00f6glicherweise auch erforderlich, Ihre Daten an Dritte (zB Gegenseite, Substitute, Versicherungen, Dienstleister, derer ich mir bediene und denen ich Daten zur Verf\u00fcgung stelle, etc.) Gerichte oder Beh\u00f6rden, weiterzuleiten. Eine Weiterleitung Ihrer Daten erfolgt ausschlie\u00dflich auf Grundlage der DSGVO, insb zur Erf\u00fcllung Ihres Auftrags oder aufgrund Ihrer vorherigen Einwilligung.<\/p>\n<p>Weiters informiere ich Sie dar\u00fcber, dass im Rahmen meiner rechtsanwaltlichen Vertretung und Betreuung regelm\u00e4\u00dfig auch sachverhalts- und fallbezogene Informationen von Ihnen von dritten Stellen bezogen werden.<\/p>\n<p>Manche der oben genannten Empf\u00e4nger Ihrer personenbezogenen Daten befinden sich au\u00dferhalb Ihres Landes oder verarbeiten dort Ihre personenbezogenen Daten. Das Datenschutzniveau in anderen L\u00e4ndern entspricht unter Umst\u00e4nden nicht dem \u00d6sterreichs. Ich \u00fcbermittle Ihre personenbezogenen Daten jedoch nur in L\u00e4nder, f\u00fcr welche die EU-Kommission entschieden hat, dass sie \u00fcber ein angemessenes Datenschutzniveau verf\u00fcgen oder ich setze Ma\u00dfnahmen, um zu gew\u00e4hrleisten, dass alle Empf\u00e4nger ein angemessenes Datenschutzniveau haben wozu ich Standardvertragsklauseln (2010\/87\/EC und\/oder 2004\/915\/EC) abschlie\u00dfe.<\/p>\n<p>&nbsp;<\/p>\n<ol start=\"6\">\n<li><strong> Bekanntgabe von Datenpannen<\/strong><\/li>\n<\/ol>\n<p>Ich bin bem\u00fcht sicherzustellen, dass Datenpannen fr\u00fchzeitig erkannt und gegebenenfalls unverz\u00fcglich Ihnen bzw der zust\u00e4ndigen Aufsichtsbeh\u00f6rde unter Einbezug der jeweiligen Datenkategorien, die betroffen sind, gemeldet werden.<\/p>\n<p>&nbsp;<\/p>\n<ol start=\"7\">\n<li><strong> Aufbewahrung der Daten<\/strong><\/li>\n<\/ol>\n<p>Ich werde Daten nicht l\u00e4nger aufbewahren als dies zur Erf\u00fcllung meiner vertraglichen bzw gesetzlichen Verpflichtungen und zur Abwehr allf\u00e4lliger Haftungsanspr\u00fcche erforderlich ist.<\/p>\n<p>&nbsp;<\/p>\n<ol start=\"8\">\n<li><strong> Kontaktaufnahme \u00fcber Formular oder E-Mail<\/strong><\/li>\n<\/ol>\n<p>S\u00e4mtliche Ausf\u00fchrungen in dieser Datenschutzerkl\u00e4rung gelten auch f\u00fcr den Fall, dass Sie \u00fcber das Formular auf dieser Website oder \u00fcber E-Mail Kontakt mit mir aufnehmen.<\/p>\n<p>&nbsp;<\/p>\n<ol start=\"9\">\n<li><strong> Server-Log-Files<\/strong><\/li>\n<\/ol>\n<p>Zur Optimierung dieser Website in Bezug auf die System-Performance, Benutzerfreundlichkeit und Bereitstellung von n\u00fctzlichen Informationen \u00fcber meine Dienstleistungen erhebt und speichert der Provider der Website automatisch Informationen in so genannten Server-Log Files, die Ihr Browser automatisch an uns \u00fcbermittelt. Davon umfasst sind Ihre Internet-Protokoll Adresse (IP-Adresse), Browser und Spracheinstellung, Betriebssystem, Referrer URL, Ihr Internet Service Provider und Datum\/Uhrzeit.<\/p>\n<p>Eine Zusammenf\u00fchrung dieser Daten mit personenbezogenen Datenquellen wird nicht vorgenommen. Ich behalte mir vor, diese Daten nachtr\u00e4glich zu pr\u00fcfen, wenn mir konkrete Anhaltspunkte f\u00fcr eine rechtswidrige Nutzung bekannt werden.<\/p>\n<p>&nbsp;<\/p>\n<ol start=\"10\">\n<li><strong> Google-Maps und Social Media-Plug-Ins<\/strong><\/li>\n<\/ol>\n<p>Meine Website nutzt den Dienst von Google-Maps, betrieben von Google LLC, 1600 Amphitheatre Parkway, Mountain View, CA 94043, USA und Social Media-Plug-Ins von facebook.com, betrieben von Facebook Inc., 1601 Willow Road, Menlo Park, CA 94025, USA und von Xing, betrieben von XING SE, Dammtorstra\u00dfe 30, 20354 Hamburg, Germany. Es werden erst Daten an diese Unternehmen \u00fcbertragen, wenn Sie auf die Karten von Google-Maps oder eines der angezeigten Icons von facebook.com oder Xing klicken. Ich habe keinen Zugriff oder Kontrolle \u00fcber Daten, die von diesen Unternehmen gesammelt werden oder Cookies, die von diesen Betreibern gesetzt werden. Es kann daher keine Haftung f\u00fcr diese \u00fcbernommen werden.<\/p>\n<p>&nbsp;<\/p>\n<ol start=\"11\">\n<li><strong> Meine Kontaktdaten<\/strong><\/li>\n<\/ol>\n<p><strong>\u00a0<\/strong>Der Schutz Ihrer Daten ist mir besonders wichtig. Ich bin f\u00fcr Sie unter den unten angef\u00fchrten Kontaktdaten jederzeit f\u00fcr Ihre Fragen oder Ihren Widerruf erreichbar.<\/p>\n<p>&nbsp;<\/p>\n<p>Dr. Anton Pirringer<br \/>\nRechtsanwalt in \u00d6sterreich<br \/>\nHauptplatz 16\/4\/6<br \/>\n2460 Bruck an der Leitha<br \/>\nTelefon: +43 (0) 2162\/62513<br \/>\nFax: +43 (0) 2162\/62513-89<br \/>\nE-Mail: <a href=\"mailto:kanzlei@ra-pirringer.at\" target=\"_blank\" rel=\"noopener\">kanzlei@ra-pirringer.at<\/a><br \/>\nWeb: <a href=\"https:\/\/www.ra-pirringer.at\" target=\"_blank\" rel=\"noopener\">www.ra-pirringer.at<\/a><\/p>\n<p>&nbsp;<\/p>\n<p>ADVM-Code: R209005<br \/>\nUID-Nr.: ATU70532836<br \/>\nDVR-Nr: 4016248<\/p>\n<p>&nbsp;<\/p>\n","protected":false},"excerpt":{"rendered":"<p>Datenschutzerkl\u00e4rung &nbsp; Personenbezogene Daten Ich, Rechtsanwalt Dr. Anton Pirringer, erhebe, verarbeite und nutze Ihre personenbezogenen Daten nur mit Ihrer Einwilligung bzw. Mandatierung oder Bestellung zu den mit Ihnen vereinbarten Zwecken oder wenn eine sonstige rechtliche Grundlage im Einklang mit der DSGVO vorliegt; dies unter Einhaltung der datenschutz- und zivilrechtlichen Bestimmungen. Es werden nur solche personenbezogenen [&hellip;]<\/p>\n","protected":false},"author":1,"featured_media":0,"parent":0,"menu_order":0,"comment_status":"closed","ping_status":"closed","template":"","meta":{"footnotes":""},"class_list":["post-425","page","type-page","status-publish","hentry"],"_links":{"self":[{"href":"https:\/\/www.ra-pirringer.at\/web\/wp-json\/wp\/v2\/pages\/425","targetHints":{"allow":["GET"]}}],"collection":[{"href":"https:\/\/www.ra-pirringer.at\/web\/wp-json\/wp\/v2\/pages"}],"about":[{"href":"https:\/\/www.ra-pirringer.at\/web\/wp-json\/wp\/v2\/types\/page"}],"author":[{"embeddable":true,"href":"https:\/\/www.ra-pirringer.at\/web\/wp-json\/wp\/v2\/users\/1"}],"replies":[{"embeddable":true,"href":"https:\/\/www.ra-pirringer.at\/web\/wp-json\/wp\/v2\/comments?post=425"}],"version-history":[{"count":4,"href":"https:\/\/www.ra-pirringer.at\/web\/wp-json\/wp\/v2\/pages\/425\/revisions"}],"predecessor-version":[{"id":432,"href":"https:\/\/www.ra-pirringer.at\/web\/wp-json\/wp\/v2\/pages\/425\/revisions\/432"}],"wp:attachment":[{"href":"https:\/\/www.ra-pirringer.at\/web\/wp-json\/wp\/v2\/media?parent=425"}],"curies":[{"name":"wp","href":"https:\/\/api.w.org\/{rel}","templated":true}]}}