{"id":433,"date":"2018-05-22T18:09:02","date_gmt":"2018-05-22T16:09:02","guid":{"rendered":"https:\/\/www.ra-pirringer.at\/web\/?page_id=433"},"modified":"2024-06-28T10:16:11","modified_gmt":"2024-06-28T08:16:11","slug":"in-den-medien","status":"publish","type":"page","link":"https:\/\/www.ra-pirringer.at\/web\/in-den-medien\/","title":{"rendered":"In den Medien"},"content":{"rendered":"<h4>Wie zuerst erschienen in den Nieder\u00f6sterreichischen Nachrichten Nr. 14 am 5.April 2017:<\/h4>\n<h5>Nachbarschaftsrecht<\/h5>\n<h5>Grundst\u00fccksgrenzen: Wer ist f\u00fcr die Erhaltung des Zauns zust\u00e4ndig?<\/h5>\n<p class=\"hide-if-no-js\"><img loading=\"lazy\" decoding=\"async\" class=\"attachment-266x266 aligncenter\" src=\"https:\/\/www.ra-pirringer.at\/web\/wp-content\/uploads\/2018\/05\/Kolumne-Nieder\u00f6sterreichische-Nachrichten-Nr.-14-am-5.April-2017-Nachr-5.jpg\" alt=\"Kolumne Nieder\u00f6sterreichische Nachrichten Nr. 14 am 5.April 2017 Dr. Anton Pirringer\" width=\"235\" height=\"1176\" \/><\/p>\n<h4>\u00a0<\/h4>\n<h4>\u00a0<\/h4>\n<h4>Wie zuerst erschienen in den Nieder\u00f6sterreichischen Nachrichten Nr. 25 am 20.Juni 2018:<\/h4>\n<h5>Nachbarschaftsrecht<\/h5>\n<h5>Rauchbel\u00e4stigung vom nachbarlichen Grundst\u00fcck durch Grillen &#8211; was kann man machen?<\/h5>\n<p><img loading=\"lazy\" decoding=\"async\" class=\"aligncenter wp-image-489\" src=\"https:\/\/www.ra-pirringer.at\/web\/wp-content\/uploads\/2018\/09\/Rechtstipp.jpg\" alt=\"Kolumne Nieder\u00f6sterreichische Nachrichten Nr. 25 am 20.Juni 2018 Dr. Anton Pirringer\" width=\"235\" height=\"1250\" \/><\/p>\n<p><a href=\"https:\/\/www.noen.at\/thema\/rechtstipps\/rechtstipp-nachbarschaftsrecht-99215527\" target=\"_blank\" rel=\"noopener noreferrer\">Artikel in der Online-Ausgabe der Nieder\u00f6sterreichischen Nachrichten <\/a><\/p>\n<h4>Wie zuerst erschienen in den Nieder\u00f6sterreichischen Nachrichten Nr. 21 am 22.Mai 2019:<\/h4>\n<h5>Mietrecht<\/h5>\n<h5>Betriebskostenabrechnung: Worauf muss man achten?<\/h5>\n<p><img loading=\"lazy\" decoding=\"async\" class=\"aligncenter wp-image-512\" src=\"https:\/\/www.ra-pirringer.at\/web\/wp-content\/uploads\/2020\/06\/Kolumne-Nieder\u00f6sterreichische-Nachrichten-Nr.-21-am-22.Mai-2019-Dr.-Anton-Pirringer-1-scaled.jpg\" alt=\"Kolumne Nieder\u00f6sterreichische Nachrichten Nr. 21 am 22.Mai 2019 Dr. Anton Pirringer\" width=\"235\" height=\"1246\" srcset=\"https:\/\/www.ra-pirringer.at\/web\/wp-content\/uploads\/2020\/06\/Kolumne-Nieder\u00f6sterreichische-Nachrichten-Nr.-21-am-22.Mai-2019-Dr.-Anton-Pirringer-1-scaled.jpg 483w, https:\/\/www.ra-pirringer.at\/web\/wp-content\/uploads\/2020\/06\/Kolumne-Nieder\u00f6sterreichische-Nachrichten-Nr.-21-am-22.Mai-2019-Dr.-Anton-Pirringer-1-193x1024.jpg 193w, https:\/\/www.ra-pirringer.at\/web\/wp-content\/uploads\/2020\/06\/Kolumne-Nieder\u00f6sterreichische-Nachrichten-Nr.-21-am-22.Mai-2019-Dr.-Anton-Pirringer-1-290x1536.jpg 290w, https:\/\/www.ra-pirringer.at\/web\/wp-content\/uploads\/2020\/06\/Kolumne-Nieder\u00f6sterreichische-Nachrichten-Nr.-21-am-22.Mai-2019-Dr.-Anton-Pirringer-1-386x2048.jpg 386w\" sizes=\"auto, (max-width: 235px) 100vw, 235px\" \/><\/p>\n<p><a href=\"https:\/\/www.noen.at\/thema\/rechtstipps\/mietrecht-betriebskostenabrechnung-worauf-muss-man-achten-147081840\" target=\"_blank\" rel=\"noopener noreferrer\">Artikel in der Online-Ausgabe der Nieder\u00f6sterreichischen Nachrichten<\/a><\/p>\n\n\n<h4 class=\"wp-block-heading\">Wie zuerst erschienen in den Nieder\u00f6sterreichischen Nachrichten Nr. 40\/2023 am 4.Oktober 2023:<\/h4>\n\n\n\n<h5 class=\"wp-block-heading\">Welche Rechte haben Nachbarn?<\/h5>\n\n\n<div class=\"wp-block-image\">\n<figure class=\"aligncenter size-full is-resized\"><img loading=\"lazy\" decoding=\"async\" width=\"464\" height=\"2468\" src=\"https:\/\/www.ra-pirringer.at\/web\/wp-content\/uploads\/2023\/11\/Kolumne-Niederoesterreichische-Nachrichten-Nr_-40-am-04_10_2023-1.jpg\" alt=\"\" class=\"wp-image-517\" style=\"aspect-ratio:0.1884765625;width:240px;height:auto\" srcset=\"https:\/\/www.ra-pirringer.at\/web\/wp-content\/uploads\/2023\/11\/Kolumne-Niederoesterreichische-Nachrichten-Nr_-40-am-04_10_2023-1.jpg 464w, https:\/\/www.ra-pirringer.at\/web\/wp-content\/uploads\/2023\/11\/Kolumne-Niederoesterreichische-Nachrichten-Nr_-40-am-04_10_2023-1-289x1536.jpg 289w, https:\/\/www.ra-pirringer.at\/web\/wp-content\/uploads\/2023\/11\/Kolumne-Niederoesterreichische-Nachrichten-Nr_-40-am-04_10_2023-1-385x2048.jpg 385w\" sizes=\"auto, (max-width: 464px) 100vw, 464px\" \/><\/figure>\n<\/div>\n\n\n<p><a href=\"https:\/\/www.noen.at\/thema\/rechtstipps\/recht-welche-rechte-haben-nachbarn-388629669\" target=\"_blank\" rel=\"noreferrer noopener\">Artikel in der Online-Ausgabe der Nieder\u00f6sterreichischen Nachrichten<\/a><\/p>\n\n\n\n<h4 class=\"wp-block-heading\">Wie zuerst erschienen in den Nieder\u00f6sterreichischen Nachrichten Nr. 21\/2024 am 22.Mai 2024:<\/h4>\n\n\n\n<h5 class=\"wp-block-heading\">Nachbarschaftsrecht: Was kann ich tun, wenn ich mich durch die W\u00e4rmepumpe des Nachbarn gest\u00f6rt f\u00fchle?<\/h5>\n\n\n<div class=\"wp-block-image\">\n<figure class=\"aligncenter size-full is-resized\"><img loading=\"lazy\" decoding=\"async\" width=\"425\" height=\"2549\" src=\"https:\/\/www.ra-pirringer.at\/web\/wp-content\/uploads\/2024\/06\/Rechtstipp-2024-2.jpg\" alt=\"\" class=\"wp-image-540\" style=\"width:223px;height:auto\" srcset=\"https:\/\/www.ra-pirringer.at\/web\/wp-content\/uploads\/2024\/06\/Rechtstipp-2024-2.jpg 425w, https:\/\/www.ra-pirringer.at\/web\/wp-content\/uploads\/2024\/06\/Rechtstipp-2024-2-50x300.jpg 50w, https:\/\/www.ra-pirringer.at\/web\/wp-content\/uploads\/2024\/06\/Rechtstipp-2024-2-256x1536.jpg 256w\" sizes=\"auto, (max-width: 425px) 100vw, 425px\" \/><\/figure>\n<\/div>\n\n\n<p><a href=\"https:\/\/www.noen.at\/thema\/rechtstipps\/nachbarschaftsrecht-laermbelaestigung-durch-waermepumpe-was-kann-ich-dagegen-tun-422762719\" target=\"_blank\" rel=\"noreferrer noopener\">Artikel in der Online-Ausgabe der Nieder\u00f6sterreichischen Nachrichten<\/a><\/p>\n","protected":false},"excerpt":{"rendered":"<p>Wie zuerst erschienen in den Nieder\u00f6sterreichischen Nachrichten Nr. 14 am 5.April 2017: Nachbarschaftsrecht Grundst\u00fccksgrenzen: Wer ist f\u00fcr die Erhaltung des Zauns zust\u00e4ndig? \u00a0 \u00a0 Wie zuerst erschienen in den Nieder\u00f6sterreichischen Nachrichten Nr. 25 am 20.Juni 2018: Nachbarschaftsrecht Rauchbel\u00e4stigung vom nachbarlichen Grundst\u00fcck durch Grillen &#8211; was kann man machen? Artikel in der Online-Ausgabe der Nieder\u00f6sterreichischen Nachrichten [&hellip;]<\/p>\n","protected":false},"author":1,"featured_media":440,"parent":0,"menu_order":0,"comment_status":"closed","ping_status":"closed","template":"","meta":{"footnotes":""},"class_list":["post-433","page","type-page","status-publish","has-post-thumbnail","hentry"],"_links":{"self":[{"href":"https:\/\/www.ra-pirringer.at\/web\/wp-json\/wp\/v2\/pages\/433","targetHints":{"allow":["GET"]}}],"collection":[{"href":"https:\/\/www.ra-pirringer.at\/web\/wp-json\/wp\/v2\/pages"}],"about":[{"href":"https:\/\/www.ra-pirringer.at\/web\/wp-json\/wp\/v2\/types\/page"}],"author":[{"embeddable":true,"href":"https:\/\/www.ra-pirringer.at\/web\/wp-json\/wp\/v2\/users\/1"}],"replies":[{"embeddable":true,"href":"https:\/\/www.ra-pirringer.at\/web\/wp-json\/wp\/v2\/comments?post=433"}],"version-history":[{"count":20,"href":"https:\/\/www.ra-pirringer.at\/web\/wp-json\/wp\/v2\/pages\/433\/revisions"}],"predecessor-version":[{"id":541,"href":"https:\/\/www.ra-pirringer.at\/web\/wp-json\/wp\/v2\/pages\/433\/revisions\/541"}],"wp:featuredmedia":[{"embeddable":true,"href":"https:\/\/www.ra-pirringer.at\/web\/wp-json\/wp\/v2\/media\/440"}],"wp:attachment":[{"href":"https:\/\/www.ra-pirringer.at\/web\/wp-json\/wp\/v2\/media?parent=433"}],"curies":[{"name":"wp","href":"https:\/\/api.w.org\/{rel}","templated":true}]}}