{"id":462,"date":"2018-09-01T16:05:26","date_gmt":"2018-09-01T14:05:26","guid":{"rendered":"https:\/\/www.ra-pirringer.at\/web\/?page_id=462"},"modified":"2018-09-15T15:31:36","modified_gmt":"2018-09-15T13:31:36","slug":"abwicklung-von-kaufvertraegen","status":"publish","type":"page","link":"https:\/\/www.ra-pirringer.at\/web\/abwicklung-von-kaufvertraegen\/","title":{"rendered":"Kaufvertr\u00e4ge"},"content":{"rendered":"<p>&nbsp;<\/p>\n<p>Nahezu jedermann tr\u00e4umt davon, ein Eigenheim zu erwerben. Der <strong>Kauf eines Hauses<\/strong>, <strong>einer Eigentumswohnung<\/strong> oder <strong>eines Bauplatzes<\/strong> ist eine wichtige Entscheidung, die viel Freude bringen, aber auch viele Konsequenzen nach sich ziehen kann. Es ist daher immer empfehlenswert, schon im Vorfeld des Kaufes Rechtsberatung in Anspruch zu nehmen.<\/p>\n<p><img loading=\"lazy\" decoding=\"async\" class=\"alignright wp-image-495\" src=\"https:\/\/www.ra-pirringer.at\/web\/wp-content\/uploads\/2018\/09\/Kaufvertrag-Rechtsanwaltskanzlei-Anwalt-Dr.-Anton-Pirringer-Bruck-an-der-Leitha-2460-300x225.jpg\" alt=\"Kaufvertrag Rechtsanwaltskanzlei Anwalt Dr. Anton Pirringer Bruck an der Leitha 2460\" width=\"257\" height=\"193\" srcset=\"https:\/\/www.ra-pirringer.at\/web\/wp-content\/uploads\/2018\/09\/Kaufvertrag-Rechtsanwaltskanzlei-Anwalt-Dr.-Anton-Pirringer-Bruck-an-der-Leitha-2460-300x225.jpg 300w, https:\/\/www.ra-pirringer.at\/web\/wp-content\/uploads\/2018\/09\/Kaufvertrag-Rechtsanwaltskanzlei-Anwalt-Dr.-Anton-Pirringer-Bruck-an-der-Leitha-2460-768x576.jpg 768w, https:\/\/www.ra-pirringer.at\/web\/wp-content\/uploads\/2018\/09\/Kaufvertrag-Rechtsanwaltskanzlei-Anwalt-Dr.-Anton-Pirringer-Bruck-an-der-Leitha-2460-1024x768.jpg 1024w, https:\/\/www.ra-pirringer.at\/web\/wp-content\/uploads\/2018\/09\/Kaufvertrag-Rechtsanwaltskanzlei-Anwalt-Dr.-Anton-Pirringer-Bruck-an-der-Leitha-2460.jpg 1600w\" sizes=\"auto, (max-width: 257px) 100vw, 257px\" \/><\/p>\n<p>&nbsp;<\/p>\n<p>Sollten Sie eine Immobilie kaufen wollen,<\/p>\n<ul>\n<li><strong>berate<\/strong> ich Sie im Vorfeld gerne <strong>\u00fcber Rechtsfragen<\/strong> zur gew\u00fcnschten Immobilie, insbesondere\n<ul>\n<li>hole ich einen Grundbuchsauszug zur Liegenschaft ein,<\/li>\n<li>kl\u00e4re Sie \u00fcber die Bedeutung der grundb\u00fccherlichen Lasten auf,<\/li>\n<li>gebe ich Ihnen Tipps, welche Themen mit dem Verk\u00e4ufer vor Unterzeichnung abgekl\u00e4rt werden m\u00fcssen (z. B. Dienstbarkeiten, Altlasten, baurechtliche Bewilligungen etc.),<\/li>\n<li>kl\u00e4re ich Sie dar\u00fcber auf, welche weiteren Informationen beim Kauf einer Eigentumswohnung von der Hausverwaltung eingeholt werden sollten,<\/li>\n<\/ul>\n<\/li>\n<li>gestalte ich Ihren <strong>Kaufvertrag<\/strong>,<\/li>\n<li>\u00fcbernehme ich die <strong>treuh\u00e4ndige Abwicklung<\/strong> der Kaufpreiszahlung nach dem Treuhandstatut der Rechtsanwaltskammer Nieder\u00f6sterreich,<\/li>\n<li>\u00fcbernehme ich die <strong>steuerliche Abwicklung<\/strong> mit dem Finanzamt (steuerliche Selbstberechnung\/Abgabenerkl\u00e4rung),<\/li>\n<li>bringe ich die <strong>Antr\u00e4ge beim Grundbuchsgericht <\/strong>ein<strong>.<br \/>\n<\/strong><\/li>\n<\/ul>\n<h4><\/h4>\n<p>&nbsp;<\/p>\n<p>&nbsp;<\/p>\n<h4><\/h4>\n<h4><strong>Insbesondere in folgenden weiteren Fachgebieten \u00fcbernehme <\/strong><\/h4>\n<h4><strong>ich gerne Ihre Vertretung:<\/strong><\/h4>\n<ul>\n<li><a href=\"https:\/\/www.ra-pirringer.at\/web\/verkehrsunfaelle\/\">Verkehrsunf\u00e4lle<\/a><\/li>\n<li><a href=\"https:\/\/www.ra-pirringer.at\/web\/miet-und-wohnrecht\/\">Miet- und Wohnrecht<\/a><\/li>\n<li><a href=\"https:\/\/www.ra-pirringer.at\/web\/nachbarrecht\/\">Nachbarrecht<\/a><\/li>\n<li><a href=\"https:\/\/www.ra-pirringer.at\/web\/verwaltungsrecht-und-verwaltungsstrafrecht\/\">Verwaltungsrecht und Verwaltungsstrafrecht<\/a><\/li>\n<li><a href=\"https:\/\/www.ra-pirringer.at\/web\/forderungseintreibung\/\">Forderungseintreibung<\/a><\/li>\n<li><a href=\"https:\/\/www.ra-pirringer.at\/web\/vertragsrecht\/\">Vertragsrecht<\/a><\/li>\n<li><a href=\"https:\/\/www.ra-pirringer.at\/web\/allgemeines-zivilrecht\/\">Allgemeines Zivilrecht<\/a><\/li>\n<li><a href=\"https:\/\/www.ra-pirringer.at\/web\/schadenersatz-und-gewaehrleistungsrecht\/\">Schadenersatz- und Gew\u00e4hrleistungsrecht<\/a><\/li>\n<li><a href=\"https:\/\/www.ra-pirringer.at\/web\/familien-und-scheidungsrecht\/\">Familien- und Scheidungsrecht<\/a><\/li>\n<li><a href=\"https:\/\/www.ra-pirringer.at\/web\/verteidigung-in-gerichtlichen-strafverfahren\/\">Verteidigung in gerichtlichen Strafverfahren<\/a><\/li>\n<li><a href=\"https:\/\/www.ra-pirringer.at\/web\/opfervertretung-in-gerichtlichen-strafverfahren\/\">Opfervertretung in gerichtlichen Strafverfahren<\/a><\/li>\n<\/ul>\n","protected":false},"excerpt":{"rendered":"<p>&nbsp; Nahezu jedermann tr\u00e4umt davon, ein Eigenheim zu erwerben. Der Kauf eines Hauses, einer Eigentumswohnung oder eines Bauplatzes ist eine wichtige Entscheidung, die viel Freude bringen, aber auch viele Konsequenzen nach sich ziehen kann. Es ist daher immer empfehlenswert, schon im Vorfeld des Kaufes Rechtsberatung in Anspruch zu nehmen. &nbsp; Sollten Sie eine Immobilie kaufen [&hellip;]<\/p>\n","protected":false},"author":1,"featured_media":0,"parent":0,"menu_order":0,"comment_status":"closed","ping_status":"closed","template":"","meta":{"footnotes":""},"class_list":["post-462","page","type-page","status-publish","hentry"],"_links":{"self":[{"href":"https:\/\/www.ra-pirringer.at\/web\/wp-json\/wp\/v2\/pages\/462","targetHints":{"allow":["GET"]}}],"collection":[{"href":"https:\/\/www.ra-pirringer.at\/web\/wp-json\/wp\/v2\/pages"}],"about":[{"href":"https:\/\/www.ra-pirringer.at\/web\/wp-json\/wp\/v2\/types\/page"}],"author":[{"embeddable":true,"href":"https:\/\/www.ra-pirringer.at\/web\/wp-json\/wp\/v2\/users\/1"}],"replies":[{"embeddable":true,"href":"https:\/\/www.ra-pirringer.at\/web\/wp-json\/wp\/v2\/comments?post=462"}],"version-history":[{"count":7,"href":"https:\/\/www.ra-pirringer.at\/web\/wp-json\/wp\/v2\/pages\/462\/revisions"}],"predecessor-version":[{"id":496,"href":"https:\/\/www.ra-pirringer.at\/web\/wp-json\/wp\/v2\/pages\/462\/revisions\/496"}],"wp:attachment":[{"href":"https:\/\/www.ra-pirringer.at\/web\/wp-json\/wp\/v2\/media?parent=462"}],"curies":[{"name":"wp","href":"https:\/\/api.w.org\/{rel}","templated":true}]}}